{"id":11241,"date":"2024-07-22T17:26:24","date_gmt":"2024-07-22T23:26:24","guid":{"rendered":"https:\/\/conkmex.com\/politica-de-privacidad\/"},"modified":"2026-04-02T22:38:51","modified_gmt":"2026-04-03T04:38:51","slug":"politica-de-privacidad","status":"publish","type":"page","link":"https:\/\/conkmex.com\/en\/politica-de-privacidad\/","title":{"rendered":"Pol\u00edtica de Privacidad"},"content":{"rendered":"\n<hr class=\"wp-block-separator has-alpha-channel-opacity\" \/>\n\n\n\n<p><strong>POL\u00cdTICA DE PRIVACIDAD DE CON K MEX<\/strong><br><br><strong><\/strong><\/p>\n\n\n\n<hr class=\"wp-block-separator has-alpha-channel-opacity\" \/>\n\n\n\n<p>Con K Mex, mejor conocido como CONKMEX, con domicilio en Calle Jacarandas No.5, Colonia Lomas del Pac\u00edfico, Cabo San Lucas, Los Cabos, Baja California Sur, M\u00e9xico y portal de internet \u00a0<a href=\"https:\/\/www.urconsa.com.mx\" target=\"_blank\" rel=\"noreferrer noopener\">https:\/\/www.ConKMex.com<\/a>, es el responsable del uso y protecci\u00f3n de sus datos personales, y al respecto le informamos lo siguiente:<\/p>\n\n\n\n<p>Urbanizaci\u00f3n y Construcci\u00f3n de Los Cabos S.A. de C.V., CONKMEX, valora la privacidad de nuestros usuarios, clientes y socios. CONKMEX respeta su privacidad y se compromete a utilizar pr\u00e1cticas responsables en la recopilaci\u00f3n, mantenimiento y uso de su informaci\u00f3n. Esta Pol\u00edtica de Privacidad describe nuestras pr\u00e1cticas en relaci\u00f3n con la informaci\u00f3n recopilada a trav\u00e9s de nuestro sitio web\u00a0<a href=\"https:\/\/www.urconsa.com.mx\" target=\"_blank\" rel=\"noreferrer noopener\">https:\/\/www.ConKMex.com<\/a>\u00a0(junto con todos los subdominios, sitios web relacionados, el &#8220;Sitio web&#8221;). Esta Pol\u00edtica de privacidad se aplica solo a la informaci\u00f3n que obtenemos de usted cuando est\u00e1 en l\u00ednea mientras visita o usa el sitio web. No se aplica a la informaci\u00f3n que hayamos obtenido o que podamos obtener fuera de l\u00ednea a trav\u00e9s de otros medios tradicionales.<\/p>\n\n\n\n<p>La informaci\u00f3n que nos proporcione solo ser\u00e1 utilizada o compartida por CONKMEX como se describe en esta Pol\u00edtica de privacidad. Al visitar o utilizar el sitio web, acepta las pr\u00e1cticas y pol\u00edticas establecidas en esta Pol\u00edtica de privacidad. Si no est\u00e1 de acuerdo con los t\u00e9rminos de esta Pol\u00edtica de privacidad, no puede utilizar el sitio web.<\/p>\n\n\n\n<p>Recopilamos dos tipos b\u00e1sicos de informaci\u00f3n sobre usted junto con su uso del sitio web: informaci\u00f3n personal e informaci\u00f3n no personal. \u201cInformaci\u00f3n personal\u201d es cualquier informaci\u00f3n que pueda identificarlo individualmente e incluye, a modo de ejemplo ilustrativo y sin limitaci\u00f3n, su nombre, direcci\u00f3n postal, direcci\u00f3n de correo electr\u00f3nico, n\u00famero de tel\u00e9fono, etc. Y la &#8220;Informaci\u00f3n no personal&#8221; incluye informaci\u00f3n que no lo identifica personalmente, pero que puede incluir, como ejemplo ilustrativo y sin limitaci\u00f3n, informaci\u00f3n de seguimiento y uso sobre su ubicaci\u00f3n, uso del sitio web e Internet, etc.<\/p>\n\n\n\n<p><strong>INFORMACI\u00d3N PERSONAL<\/strong><\/p>\n\n\n\n<p>Hay una serie de circunstancias en las que nos proporciona voluntariamente su Informaci\u00f3n personal. A continuaci\u00f3n, se enumeran las formas m\u00e1s comunes en las que recopilamos su informaci\u00f3n personal:<\/p>\n\n\n\n<ul class=\"wp-block-list\">\n<li>Env\u00edo de informaci\u00f3n personal al hacer negocios con nosotros o al brindarnos servicios<\/li>\n\n\n\n<li>Env\u00edo de informaci\u00f3n relacionada con el empleo proporcionada en las solicitudes de empleo enviadas a trav\u00e9s del sitio web o electr\u00f3nicamente, incluyendo, preferencias laborales, historial laboral y otra informaci\u00f3n personal<\/li>\n\n\n\n<li>Registrarse para recibir informaci\u00f3n, informaci\u00f3n promocional o servicios relacionados de nuestra parte<\/li>\n\n\n\n<li>Participaci\u00f3n en cuentas de redes sociales relacionadas con CONKMEX<\/li>\n\n\n\n<li>Env\u00edo de preguntas, comentarios o retroalimentaci\u00f3n a trav\u00e9s del sitio web o de otra manera; o cualquier otro lugar en el sitio web donde voluntariamente proporcione informaci\u00f3n personal a sabiendas<\/li>\n<\/ul>\n\n\n\n<p><strong>P\u00c1GINAS DE REDES SOCIALES<\/strong><\/p>\n\n\n\n<p>Cuando interact\u00faa con una cuenta de CONKMEX en o a trav\u00e9s de una plataforma de redes sociales, como Facebook, Twitter o LinkedIn, recopilamos la Informaci\u00f3n personal que usted pone a nuestra disposici\u00f3n en esa p\u00e1gina o cuenta, incluida su identificaci\u00f3n de usuario y \/ o nombre de usuario, y cualquier informaci\u00f3n que haya hecho p\u00fablica en relaci\u00f3n con ese servicio de redes sociales. Sin embargo, tenga en cuenta que cumpliremos con las pol\u00edticas de privacidad de la plataforma de redes sociales correspondiente y solo recopilaremos y almacenaremos la Informaci\u00f3n personal que estas plataformas de redes sociales nos permitan recopilar.<\/p>\n\n\n\n<p>Nuestro sitio web incluye widgets de redes sociales, como los widgets de Facebook, Twitter, Instagram y LinkedIn. Estas funciones recopilan informaci\u00f3n sobre su direcci\u00f3n IP y la p\u00e1gina que est\u00e1 visitando en nuestro sitio web, y establecen una cookie para asegurarse de que sus funciones funcionen correctamente. Las funciones y los widgets de las redes sociales est\u00e1n alojados por un tercero o directamente en nuestro sitio web. Sus interacciones con esas funciones se rigen por las pol\u00edticas de privacidad de las empresas que las proporcionan.<\/p>\n\n\n\n<p><strong>PRIVACIDAD EN L\u00cdNEA DE MENORES DE EDAD<\/strong><\/p>\n\n\n\n<p>CONKMEX respeta la privacidad de los menores de edad y estamos comprometidos a cumplir con la Ley de Protecci\u00f3n de la Privacidad Infantil en L\u00ednea. No recopilamos intencionalmente informaci\u00f3n personal de ni\u00f1os.<\/p>\n\n\n\n<p>Los datos personales que recabamos de usted, los utilizaremos para las siguientes finalidades que son necesarias para el servicio que solicita: Respuesta a mensajes del formulario de contacto, Prestaci\u00f3n de cualquier servicio solicitado. Para llevar a cabo las finalidades descritas en el presente aviso de privacidad, utilizaremos los siguientes datos personales: Datos de identificaci\u00f3n y contacto, Datos laborales, Datos acad\u00e9micos, Datos sobre pasatiempos, o datos que se nos proporcionen de acuerdo al inter\u00e9s del usuario.<\/p>\n\n\n\n<p>Usted tiene derecho a conocer qu\u00e9 datos personales tenemos de usted, para qu\u00e9 los utilizamos y las condiciones del uso que les damos (Acceso). Asimismo, es su derecho solicitar la correcci\u00f3n de su informaci\u00f3n personal en caso de que est\u00e9 desactualizada, sea inexacta o incompleta (Rectificaci\u00f3n); que la eliminemos de nuestros registros o bases de datos cuando considere que la misma no est\u00e1 siendo utilizada adecuadamente (Cancelaci\u00f3n); as\u00ed como oponerse al uso de sus datos personales para fines espec\u00edficos (Oposici\u00f3n). Estos derechos se conocen como derechos ARCO.<\/p>\n\n\n\n<p>Para el ejercicio de cualquiera de los derechos ARCO, debe enviar una petici\u00f3n v\u00eda correo electr\u00f3nico a &nbsp;<a href=\"mailto:info@urconsa.com.mx\">info@ConKMex.com<\/a>&nbsp;y deber\u00e1 contener:<\/p>\n\n\n\n<ul class=\"wp-block-list\">\n<li>Nombre completo del titular<\/li>\n\n\n\n<li>Domicilio<\/li>\n\n\n\n<li>Tel\u00e9fono<\/li>\n\n\n\n<li>Correo electr\u00f3nico usado en este sitio web<\/li>\n\n\n\n<li>Copia de una identificaci\u00f3n oficial adjunta<\/li>\n\n\n\n<li>Asunto \u201cDerechos ARCO\u201d<\/li>\n\n\n\n<li>Descripci\u00f3n el objeto del escrito, los cuales pueden ser de manera enunciativa m\u00e1s no limitativa los siguientes: Revocaci\u00f3n del consentimiento para tratar sus datos personales; y\/o Notificaci\u00f3n del uso indebido del tratamiento de sus datos personales; y\/o Ejercitar sus Derechos ARCO, con una descripci\u00f3n clara y precisa de los datos a Acceder, Rectificar, Cancelar o bien, Oponerse. En caso de Rectificaci\u00f3n de datos personales, deber\u00e1 indicar la modificaci\u00f3n exacta y anexar la documentaci\u00f3n soporte; es importante en caso de revocaci\u00f3n del consentimiento, que tenga en cuenta que no en todos los casos podremos atender su solicitud o concluir el uso de forma inmediata, ya que es posible que por alguna obligaci\u00f3n legal requiramos seguir tratando sus datos personales. Asimismo, usted deber\u00e1 considerar que, para ciertos fines, la revocaci\u00f3n de su consentimiento implicar\u00e1 que no le podamos seguir prestando el servicio que nos solicit\u00f3, o la conclusi\u00f3n de su relaci\u00f3n con nosotros. Dando respuesta a la solicitud en un periodo de 20 d\u00edas, al mismo correo por el cual se envi\u00f3 la solicitud.<\/li>\n<\/ul>\n\n\n\n<p><strong>INFORMACI\u00d3N NO PERSONAL<\/strong><\/p>\n\n\n\n<p>Parte de la informaci\u00f3n se recibe autom\u00e1ticamente y, a veces, se recopila de usted cuando visita o utiliza el sitio web. A continuaci\u00f3n, se enumera la informaci\u00f3n m\u00e1s com\u00fan que se recibe o recopila autom\u00e1ticamente:<\/p>\n\n\n\n<ul class=\"wp-block-list\">\n<li>El nombre del dominio y el host desde el que accede a Internet, incluida la direcci\u00f3n de Protocolo de Internet (IP) del dispositivo que est\u00e1 utilizando y \/ o la direcci\u00f3n IP de su Proveedor de servicios de Internet (ISP)<\/li>\n\n\n\n<li>El tipo y versi\u00f3n del software del navegador de Internet que utiliza y su sistema operativo<\/li>\n\n\n\n<li>Sitios web visitados antes o despu\u00e9s de visitar nuestro sitio web<\/li>\n\n\n\n<li>La fecha y hora en que accede al sitio web, la duraci\u00f3n de su estad\u00eda y las p\u00e1ginas espec\u00edficas a las que accede mientras visita el sitio web<\/li>\n\n\n\n<li>Informaci\u00f3n sobre el pa\u00eds de origen de su dispositivo y los idiomas que utiliza<\/li>\n<\/ul>\n\n\n\n<p>Usamos esta informaci\u00f3n para monitorear el uso de nuestro sitio web, evaluar el rendimiento, garantizar la compatibilidad tecnol\u00f3gica con su dispositivo y comprender la importancia relativa de la informaci\u00f3n proporcionada en el sitio web. Tambi\u00e9n podemos utilizar estos datos para realizar an\u00e1lisis estad\u00edsticos sobre los patrones de uso de los visitantes y otros datos agregados.<\/p>\n\n\n\n<p><strong>USO DE COOKIES \/ TECNOLOG\u00cdA DE SEGUIMIENTO<\/strong><\/p>\n\n\n\n<p>Cuando interact\u00faa con el sitio web, autom\u00e1ticamente recibimos y registramos informaci\u00f3n en los registros de nuestro servidor desde su navegador, incluida su direcci\u00f3n IP, informaci\u00f3n de &#8220;cookies&#8221; y la p\u00e1gina que solicit\u00f3.<\/p>\n\n\n\n<p>Las cookies y otras tecnolog\u00edas de seguimiento se componen de peque\u00f1os bits de datos que a menudo incluyen un identificador \u00fanico an\u00f3nimo o an\u00f3nimo. Los sitios web, aplicaciones y otros servicios env\u00edan estos datos a su navegador cuando solicita una p\u00e1gina web por primera vez y luego almacena los datos en su computadora para que el sitio web pueda acceder a la informaci\u00f3n cuando realice solicitudes posteriores de p\u00e1ginas de ese servicio. Podemos utilizar cookies para recopilar y almacenar informaci\u00f3n sobre su uso del sitio web (como las p\u00e1ginas que ha visitado, el contenido que ha visto, las consultas de b\u00fasqueda que ha realizado y los anuncios que ha visto), informaci\u00f3n que luego se utiliza para comprender sus preferencias para que podamos brindarle mejores servicios en futuras visitas y recopilar datos agregados sobre el tr\u00e1fico y las interacciones del sitio para que podamos ofrecer mejores experiencias y herramientas en el futuro.<\/p>\n\n\n\n<p>Con K Mex comprende que su privacidad es importante para usted y se compromete a ser transparente sobre las tecnolog\u00edas que usos. Cuando visita\u00a0<a href=\"https:\/\/www.urconsa.com.mx\/\" target=\"_blank\" rel=\"noreferrer noopener\">https:\/\/www.ConKMex.com\/<\/a>\u00a0y cualquier otro sitio en el que esta Pol\u00edtica se utilizan las cookies, son peque\u00f1os archivos de uso com\u00fan que nosotros o un tercero transferimos a su computadora cuando usted permite que su navegador web acepte cookies. De manera similar, nuestros proveedores de servicios externos pueden usar tecnolog\u00edas de seguimiento, que generalmente son peque\u00f1os fragmentos de c\u00f3digo colocados en una p\u00e1gina web para monitorear el comportamiento y recopilar ciertos datos con respecto a las acciones de nuestros hu\u00e9spedes en l\u00ednea. Un archivo de cookie almacena informaci\u00f3n como su direcci\u00f3n IP, informaci\u00f3n sobre el contenido que ve, informaci\u00f3n sobre el contenido que proporciona para que no tenga que volver a ingresarlo cada vez que visita nuestros Sitios, y sus preferencias y configuraciones. Las cookies nos permiten a nosotros o a un tercero reconocerlo y hacer que su pr\u00f3xima visita a nuestros Sitios sea m\u00e1s f\u00e1cil y m\u00e1s \u00fatil para usted.<\/p>\n\n\n\n<p>Puede administrar o deshabilitar las cookies en cualquier momento ajustando sus preferencias de privacidad con respecto al uso de cookies y tecnolog\u00edas similares a trav\u00e9s de su navegador.<\/p>\n\n\n\n<p>La mayor\u00eda de los navegadores est\u00e1n configurados inicialmente para aceptar cookies, pero puede cambiar su configuraci\u00f3n para notificarle cuando se est\u00e1 configurando o actualizando una cookie, o para bloquear las cookies por completo. Consulte la secci\u00f3n &#8220;Ayuda&#8221; de su navegador para obtener m\u00e1s informaci\u00f3n. Tenga en cuenta que al bloquear alguna o todas las cookies, es posible que no tenga acceso a determinadas funciones, contenido o personalizaci\u00f3n disponibles a trav\u00e9s del sitio web.<\/p>\n\n\n\n<p>Utilizamos sistemas de seguimiento de correo electr\u00f3nico que nos proporcionan datos como qui\u00e9n abri\u00f3 o reenvi\u00f3 un correo electr\u00f3nico, la hora en que se abri\u00f3 y si el lector hizo clic en ciertos enlaces dentro del correo electr\u00f3nico.<\/p>\n\n\n\n<p>Le informamos que en nuestra p\u00e1gina de internet utilizamos cookies u otras tecnolog\u00edas, a trav\u00e9s de las cuales es posible monitorear su comportamiento como usuario de internet, as\u00ed como brindarle un mejor servicio y experiencia al navegar en nuestra p\u00e1gina. Los datos personales que obtenemos de estas tecnolog\u00edas de rastreo son los siguientes:<\/p>\n\n\n\n<p>Idioma preferido por el usuario, Regi\u00f3n en la que se encuentra el usuario, Fecha y hora del inicio y final de una sesi\u00f3n de un usuario, B\u00fasquedas realizadas por un usuario, Publicidad revisada por un usuario.<\/p>\n\n\n\n<p>Estas cookies y otras tecnolog\u00edas pueden ser deshabilitadas. Para conocer c\u00f3mo hacerlo, consulte el men\u00fa de ayuda de su navegador. Tenga en cuenta que, en caso de desactivar las cookies, es posible que no pueda acceder a ciertas funciones personalizadas en nuestros sitios web.<\/p>\n\n\n\n<p><strong>ANAL\u00cdTICA<\/strong><\/p>\n\n\n\n<p>Nosotros, as\u00ed como los proveedores externos que act\u00faan en nuestro nombre, podemos utilizar cookies de origen y cookies de terceros. Los registros de almacenamiento de nuestro servidor web pueden recopilar los nombres de dominio, las direcciones de protocolo de Internet, los tipos de navegadores web y ciertos datos de los visitantes del sitio web.<\/p>\n\n\n\n<p>Los datos sobre sus actividades en l\u00ednea se pueden recopilar para su uso en la provisi\u00f3n de publicidad adaptada a sus intereses individuales, ya sea por nosotros, nuestros afiliados o terceros. Podemos trabajar con terceros, como anunciantes de la red e intercambios de anuncios, para publicar anuncios en Internet y podemos utilizar proveedores de servicios de an\u00e1lisis de terceros para evaluar y proporcionarnos a nosotros y \/ o a terceros informaci\u00f3n sobre el uso de estos anuncios en terceros. sitios web y visualizaci\u00f3n de anuncios y de nuestro contenido.<\/p>\n\n\n\n<p>Nosotros y estos proveedores externos, podemos usar tecnolog\u00edas de terceros junto con nuestras propias tecnolog\u00edas de origen para analizar las impresiones de anuncios, su uso de servicios publicitarios y las interacciones con estos. Impresiones de anuncios y servicios de anuncios. La informaci\u00f3n recopilada tambi\u00e9n puede incluir informaci\u00f3n sobre sus visitas a nuestros sitios web, incluir las p\u00e1ginas que ha visto y el contenido que ha visto. Estas tecnolog\u00edas de seguimiento de terceros pueden configurarse para, entre otras cosas: ayudar a enviarle anuncios que podr\u00edan interesarle; evitar que vea los mismos anuncios demasiadas veces; y comprender la eficacia de los anuncios que se le han enviado.<\/p>\n\n\n\n<p><strong>CORREO ELECTR\u00d3NICO Y OTRAS COMUNICACIONES<\/strong><\/p>\n\n\n\n<p>Podemos comunicarnos con usted por correo electr\u00f3nico u otros medios a una direcci\u00f3n de correo electr\u00f3nico que nos haya proporcionado. Por ejemplo, podemos enviarle nuestro bolet\u00edn informativo, ofertas promocionales o responder a sus consultas. Si no desea recibir nuestro correo electr\u00f3nico, h\u00e1ganoslo saber a trav\u00e9s de la funci\u00f3n &#8220;cancelar suscripci\u00f3n&#8221; incluida en nuestras comunicaciones.<\/p>\n\n\n\n<p>Usamos la informaci\u00f3n que recopilamos de usted y sobre usted para ayudarnos a personalizar y mejorar continuamente su experiencia con el sitio web. Como proporcionar las caracter\u00edsticas, productos y servicios que solicite y permitir el uso de nuestras caracter\u00edsticas, productos y servicios; Podemos utilizar su informaci\u00f3n para registrarlo en determinadas funciones, productos y servicios de acuerdo con sus preferencias de marketing elegidas; Para comunicarnos con usted y brindarle informaci\u00f3n y as\u00ed responder a sus preguntas o comentarios, brindarle actualizaciones y noticias. Tambi\u00e9n podemos utilizar su informaci\u00f3n para proporcionarle contenido e informaci\u00f3n personalizados, y para enviarle folletos, muestras, ofertas y otra informaci\u00f3n relacionada con nuestra familia de empresas; Cuando cumplimos con nuestras obligaciones en virtud de un contrato con usted: podemos utilizar su informaci\u00f3n al trabajar para nosotros, ya sea como empleado o proveedor de servicios. Si es cliente o usuario de nuestros servicios, utilizaremos su informaci\u00f3n personal para cumplir con nuestras obligaciones en virtud del contrato que tenemos con usted; Utilizar informaci\u00f3n demogr\u00e1fica y de preferencias para permitir que la publicidad relacionada con los productos y servicios est\u00e9 dirigida a los usuarios para quienes son m\u00e1s pertinentes. Esto est\u00e1 dise\u00f1ado para que los usuarios vean la publicidad que es m\u00e1s probable que les interese.; Para brindarle otras ofertas: En ocasiones, le haremos ofertas e informaci\u00f3n a trav\u00e9s del correo, podemos agregarlos a la lista para recibir informaci\u00f3n por correo; y para la mejora de nuestros sitios web, caracter\u00edsticas, productos y servicios. Almacenaremos su informaci\u00f3n solo durante el tiempo que necesitemos utilizar su informaci\u00f3n para los fines anteriores.<\/p>\n\n\n\n<p>Solo compartiremos Informaci\u00f3n personal seg\u00fan lo dispuesto en esta Pol\u00edtica de privacidad, y dentro de nuestra empresa y afiliadas corporativas. No vendemos ni intercambiaremos su Informaci\u00f3n personal con ning\u00fan tercero fuera de CONKMEX.<\/p>\n\n\n\n<p>Podemos poner su informaci\u00f3n a disposici\u00f3n de ciertos proveedores de servicios externos, como contratistas, proveedores o distribuidores que nos ayudan a administrar o proporcionar los servicios ofrecidos en nuestro sitio web, como alojamiento, an\u00e1lisis, servicio al cliente, etc. Es posible que necesitemos compartir su informaci\u00f3n personal con ellos, pero requerimos que todos nuestros proveedores de servicios mantengan la informaci\u00f3n personal confidencial y no la divulguen a terceros y no la utilicen para ning\u00fan otro prop\u00f3sito.<\/p>\n\n\n\n<p>Tambi\u00e9n podemos usar o divulgar su informaci\u00f3n personal si as\u00ed lo requiere la ley o si creemos de buena fe que dicha acci\u00f3n es necesaria para cumplir con la ley o proceso legal que se nos entregue a nosotros o al sitio web; responder a solicitudes de autoridades p\u00fablicas y gubernamentales; proteger y defender nuestros derechos o propiedad, el sitio web o nuestros usuarios; o actuar en circunstancias de emergencia para proteger la seguridad personal de nosotros, nuestros afiliados, agentes, los usuarios del sitio web o el p\u00fablico.<\/p>\n\n\n\n<p>Si vendemos todo o parte de nuestro negocio, o hacemos una venta o transferencia de nuestros activos, o estamos involucrados en una fusi\u00f3n o transferencia de todo o una parte material de nuestro negocio, o estamos involucrados en una quiebra, CONKMEX puede transferir su informaci\u00f3n a la parte o partes involucradas como parte de esa transacci\u00f3n.<\/p>\n\n\n\n<p>La informaci\u00f3n personal recopilada en nuestro sitio web, o recibida por CONKMEX de usted o de terceros, puede almacenarse y procesarse en los Estados Unidos Mexicanos o en cualquier otro pa\u00eds donde nosotros o nuestros proveedores de servicios tengamos instalaciones.<\/p>\n\n\n\n<p>Los servidores y bases de datos en los que se almacenar\u00e1 la informaci\u00f3n pueden estar ubicados fuera del pa\u00eds desde el que accedi\u00f3 al sitio web y en un pa\u00eds que no tenga las mismas leyes de privacidad que su pa\u00eds de residencia. La informaci\u00f3n personal que nos proporciona puede transmitirse al extranjero, pero recopilaremos, procesaremos y usaremos la informaci\u00f3n personal solo de acuerdo con esta Pol\u00edtica de privacidad.<\/p>\n\n\n\n<p>La informaci\u00f3n y las consultas relacionadas con el empleo se pueden transferir a cualquier miembro de la familia de empresas CONKMEX. Al visitar este sitio web y enviar informaci\u00f3n, usted da su consentimiento para dicha recopilaci\u00f3n, procesamiento, transferencia y \/ o almacenamiento de su informaci\u00f3n personal.<\/p>\n\n\n\n<p><strong>PROTECCI\u00d3N DE INFORMACI\u00d3N<\/strong><\/p>\n\n\n\n<p>Estamos comprometidos a garantizar que su informaci\u00f3n est\u00e9 segura. Hacemos esfuerzos comercialmente razonables para proteger su informaci\u00f3n personal recopilada, utilizada, almacenada, compartida o transferida a trav\u00e9s del sitio web del acceso, p\u00e9rdida, mal uso, alteraci\u00f3n o destrucci\u00f3n por parte de cualquier parte no autorizada. Sin embargo, comprenda que no se puede garantizar que la transmisi\u00f3n de datos a trav\u00e9s de Internet o cualquier otra red p\u00fablica sea 100% segura. No prometemos, y no debe esperar, que su informaci\u00f3n personal o comunicaciones privadas siempre ser\u00e1n privadas. Tambi\u00e9n es responsable de tomar las medidas razonables para proteger su informaci\u00f3n contra la divulgaci\u00f3n no autorizada o el uso indebido, como mantener la confidencialidad de su nombre de usuario y contrase\u00f1a, y cerrar la sesi\u00f3n de su cuenta cuando no utilice el sitio web.<\/p>\n\n\n\n<p><strong>V\u00cdNCULOS<\/strong><\/p>\n\n\n\n<p>Esta Pol\u00edtica de Privacidad se aplica \u00fanicamente a la informaci\u00f3n recopilada por CONKMEX o en su nombre. Tenga en cuenta que el sitio web puede vincular a otros sitios web y servicios en l\u00ednea operados por terceros. Estos sitios web y aplicaciones operan independientemente de nosotros y no controlamos sus pol\u00edticas de privacidad, que pueden ser diferentes a las nuestras. CONKMEX no es responsable de la recopilaci\u00f3n, el uso, la divulgaci\u00f3n o las pr\u00e1cticas de almacenamiento de datos (o cualquier acci\u00f3n u omisi\u00f3n) de las empresas u organizaciones a las que nuestro sitio web puede proporcionar enlaces. Alentamos a los usuarios a estar atentos cuando abandonan nuestro sitio web y a leer las pol\u00edticas de privacidad de cualquier sitio web, aplicaci\u00f3n u otra plataforma de terceros que solicite o recopile informaci\u00f3n personal de usted o sobre usted.<\/p>\n\n\n\n<p><strong>CAMBIOS EN LA POL\u00cdTICA DE PRIVACIDAD<\/strong><\/p>\n\n\n\n<p>Nos reservamos el derecho de revisar esta Pol\u00edtica de privacidad de vez en cuando a nuestro exclusivo criterio. El presente aviso de privacidad puede sufrir modificaciones, cambios o actualizaciones derivadas de nuevos requerimientos legales; de nuestras propias necesidades por los productos o servicios que ofrecemos; de nuestras pr\u00e1cticas de privacidad; de cambios en nuestro modelo de negocio, o por otras causas. Nos comprometemos a mantener actualizado este aviso de privacidad sobre los cambios que pueda sufrir y siempre podr\u00e1 consultar las actualizaciones que existan en el sitio web\u00a0<a href=\"https:\/\/www.urconsa.com.mx\" target=\"_blank\" rel=\"noreferrer noopener\">https:\/\/www.ConKMex.com<\/a>. No podemos notificar a los visitantes o usuarios del sitio web de tales revisiones por correo electr\u00f3nico, tel\u00e9fono u otro contacto personal. Usted es responsable de revisar esta Pol\u00edtica de Privacidad en cada visita al sitio web. Puede determinar si la Pol\u00edtica de Privacidad ha sido revisada desde su \u00faltima visita consultando la fecha de &#8220;\u00daltima modificaci\u00f3n&#8221; en la parte superior de la Pol\u00edtica de privacidad.<\/p>\n\n\n\n<p><strong>CONT\u00c1CTENOS<\/strong><\/p>\n\n\n\n<p>Nos comprometemos a trabajar con usted para resolver cualquier queja que pueda tener con respecto a esta Pol\u00edtica de Privacidad o al tratamiento de su Informaci\u00f3n personal. Si tiene alguna pregunta sobre esta Pol\u00edtica de Privacidad o su implementaci\u00f3n, comun\u00edquese con nosotros: Por correo electr\u00f3nico:\u00a0<a href=\"mailto:info@urconsa.com.mx\">info@ConKMex.com<\/a><\/p>\n\n\n\n<p><\/p>\n","protected":false},"excerpt":{"rendered":"<p>POL\u00cdTICA DE PRIVACIDAD DE CON K MEX Con K Mex, mejor conocido como CONKMEX, con domicilio en Calle Jacarandas No.5, Colonia Lomas del Pac\u00edfico, Cabo San Lucas, Los Cabos, Baja California Sur, M\u00e9xico y portal de internet \u00a0https:\/\/www.ConKMex.com, es el responsable del uso y protecci\u00f3n de sus datos personales, y al respecto le informamos lo [&hellip;]<\/p>\n","protected":false},"author":9,"featured_media":0,"parent":0,"menu_order":0,"comment_status":"closed","ping_status":"closed","template":"","meta":{"_joinchat":[],"footnotes":""},"class_list":["post-11241","page","type-page","status-publish","hentry"],"_links":{"self":[{"href":"https:\/\/conkmex.com\/en\/wp-json\/wp\/v2\/pages\/11241","targetHints":{"allow":["GET"]}}],"collection":[{"href":"https:\/\/conkmex.com\/en\/wp-json\/wp\/v2\/pages"}],"about":[{"href":"https:\/\/conkmex.com\/en\/wp-json\/wp\/v2\/types\/page"}],"author":[{"embeddable":true,"href":"https:\/\/conkmex.com\/en\/wp-json\/wp\/v2\/users\/9"}],"replies":[{"embeddable":true,"href":"https:\/\/conkmex.com\/en\/wp-json\/wp\/v2\/comments?post=11241"}],"version-history":[{"count":4,"href":"https:\/\/conkmex.com\/en\/wp-json\/wp\/v2\/pages\/11241\/revisions"}],"predecessor-version":[{"id":11924,"href":"https:\/\/conkmex.com\/en\/wp-json\/wp\/v2\/pages\/11241\/revisions\/11924"}],"wp:attachment":[{"href":"https:\/\/conkmex.com\/en\/wp-json\/wp\/v2\/media?parent=11241"}],"curies":[{"name":"wp","href":"https:\/\/api.w.org\/{rel}","templated":true}]}}